{"id":16,"date":"2016-03-08T12:31:10","date_gmt":"2016-03-08T12:31:10","guid":{"rendered":"http:\/\/wp1034084.server-he.de\/?page_id=16"},"modified":"2024-01-18T09:29:48","modified_gmt":"2024-01-18T09:29:48","slug":"leistungen","status":"publish","type":"page","link":"https:\/\/www.mcreation.media\/?page_id=16","title":{"rendered":"Leistungen"},"content":{"rendered":"<div class=\"wpb-content-wrapper\">[vc_row full_width=&#8220;stretch_row_content&#8220; remove_bottom_col_margin=&#8220;true&#8220;][vc_column][vc_single_image image=&#8220;517&#8243; img_size=&#8220;1600&#215;600&#8243; alignment=&#8220;center&#8220;][\/vc_column][\/vc_row][vc_row full_width=&#8220;stretch_row&#8220; css=&#8220;.vc_custom_1524818431763{background-color: #f2f2f2 !important;}&#8220;][vc_column width=&#8220;1\/2&#8243;][vc_column_text]\n<h3>Regie<\/h3>\n<p>Ideen sind immer nur so gut wie ihre Umsetzung. Keine gr\u00f6\u00dfere Produktion, egal ob Sportevent, TV-Show oder ihre Incentiv-Veranstaltung mit B\u00fchnenshow, kann auf einen kreativen Leiter verzichten. Unsere Arbeit beginnt nicht erst im \u00dc-Wagen, sie beginnt weit vorher. Als Bindeglied zwischen ihrer Redaktion und der Produktion sorgen unsere Regisseure f\u00fcr einen reibungslosen Ablauf der Planungen bis zum fertigen Produkt. Technische Beratung, Erstellung eines \u00dc-Wagen und\/oder Studiokonzeptes, festlegen der Kamerapositionen sind dabei einige Punkte, bei der wir ihre Produktion unterst\u00fctzen. Live oder Aufzeichnung &#8211; lassen sie ihre Idee leben.[\/vc_column_text][vc_btn title=&#8220;Videographie Daniel M\u00fcller&#8220; color=&#8220;turquoise&#8220; size=&#8220;xs&#8220; i_align=&#8220;right&#8220; i_icon_fontawesome=&#8220;&#8220; add_icon=&#8220;true&#8220; link=&#8220;url:https%3A%2F%2Fwww.mcreation.media%2Fwp-content%2Fuploads%2F2024%2F01%2F240103_Videographie_Regie_DanielMueller_Stand0124.pdf|target:_blank&#8220; css=&#8220;.vc_custom_1705570185932{margin-top: 10px !important;}&#8220;][\/vc_column][vc_column width=&#8220;1\/2&#8243;][vc_single_image image=&#8220;955&#8243; css=&#8220;.vc_custom_1524817805443{padding-top: 40px !important;}&#8220;][\/vc_column][\/vc_row][vc_row][vc_column width=&#8220;1\/2&#8243;][vc_single_image image=&#8220;511&#8243; img_size=&#8220;large&#8220; css=&#8220;.vc_custom_1460644859235{padding-top: 40px !important;}&#8220;][\/vc_column][vc_column width=&#8220;1\/2&#8243;][vc_column_text css_animation=&#8220;appear&#8220;]\n<h3>Unternehmensfilm<\/h3>\n<p>Sie wollen zeigen, was Ihr Unternehmen auszeichnet? Ihre Philosophie darstellen? Ihr spezifisches Know-how deutlich machen? Video ist daf\u00fcr das ideale Medium \u2013 und viel mehr als eine Visitenkarte im Filmformat. Aber langweilen Sie Ihre Zuschauer nicht. Erm\u00f6glichen Sie ihnen ein exklusives Backstage-Erlebnis. Zeigen Sie authentisch, was Sie tun und wie Sie es tun. Wir wissen, was Ihr Publikum interessiert und beraten Sie bei der Wahl der passenden Inhalte und Botschaften.[\/vc_column_text][\/vc_column][\/vc_row][vc_row full_width=&#8220;stretch_row&#8220; css=&#8220;.vc_custom_1457619318548{background-color: #f2f2f2 !important;}&#8220;][vc_column width=&#8220;1\/2&#8243;][vc_column_text css_animation=&#8220;appear&#8220;]\n<h3>Livestreaming<\/h3>\n<p>Kaum ein Fachbegriff aus der Medienwelt wird seit der Coronakrise mehr bedient als &#8222;Livestreaming&#8220;. Social Distancing, aber trotzdem mit der ganzen Welt, seinen Kunden und seinen Fans in Verbindung bleiben? Mit der richtigen L\u00f6sung schlie\u00dft sich das auf gar keinen Fall aus. Smarte, kompakte und kosteneffiziente Technik macht es m\u00f6glich. \u00dcbertragen Sie ihre Veranstaltung live zu den zahlreichen Plattformen und Portalen und bleiben im Gespr\u00e4ch. Wir unterst\u00fctzen Sie beratend, produzierend und bei Bedarf mit Profis aus Film und Fernsehen. Egal ob Konzerte, Konferenzen, Lesungen + Vortr\u00e4ge, &#8222;Geister&#8220;-spiele ihres Sportvereins oder eine komplett moderierte Sendung &#8211; 3, 2,1 Live![\/vc_column_text][\/vc_column][vc_column width=&#8220;1\/2&#8243;][vc_single_image image=&#8220;1150&#8243; img_size=&#8220;large&#8220; css=&#8220;.vc_custom_1587446755519{padding-top: 40px !important;}&#8220;][\/vc_column][\/vc_row][vc_row][vc_column width=&#8220;1\/2&#8243;][vc_single_image image=&#8220;597&#8243; img_size=&#8220;large&#8220; css=&#8220;.vc_custom_1461686274285{padding-top: 40px !important;}&#8220;][\/vc_column][vc_column width=&#8220;1\/2&#8243;][vc_column_text css_animation=&#8220;appear&#8220;]\n<h3>Event-Film und Social Media<\/h3>\n<p>Wir inszenieren Ihre Veranstaltung \u2013 zum Beispiel Kultur-Highlights, Produkt-Launches, Tagungen oder auch Ihre Incentivereisen. Wir entwickeln f\u00fcr Sie motivierende Trailer zur Ank\u00fcndigung und Bewerbung und produzieren anspruchsvolle Dokumentationen f\u00fcr Pr\u00e4sentationen und Schulungen. M\u00f6chten Sie die passende Social Media Strategie, um die Reichweite ihrer Filme, Events, Produkt-Launches zu erh\u00f6hen? Auch hier finden wir die L\u00f6sung, die zum gew\u00fcnschten Ziel f\u00fchrt.[\/vc_column_text][\/vc_column][\/vc_row][vc_row full_width=&#8220;stretch_row&#8220; css=&#8220;.vc_custom_1457619012251{background-color: #f2f2f2 !important;}&#8220;][vc_column width=&#8220;1\/2&#8243;][vc_column_text css_animation=&#8220;appear&#8220;]\n<h3>Produktvideo<\/h3>\n<p>Sie wollen eine Produktinnovation kommunizieren oder ein bestehendes Produkt gezielt bewerben? Wir arbeiten den Mehrwert heraus und produzieren attraktive Helfer f\u00fcr Ihr Marketing, die Ihre Kunden bei der Kaufentscheidung unterst\u00fctzen.[\/vc_column_text][\/vc_column][vc_column width=&#8220;1\/2&#8243;][vc_single_image image=&#8220;379&#8243; img_size=&#8220;large&#8220; css=&#8220;.vc_custom_1461682441216{padding-top: 40px !important;}&#8220;][\/vc_column][\/vc_row][vc_row][vc_column width=&#8220;1\/2&#8243;][vc_single_image image=&#8220;519&#8243; img_size=&#8220;large&#8220; css=&#8220;.vc_custom_1460648450240{padding-top: 40px !important;}&#8220;][\/vc_column][vc_column width=&#8220;1\/2&#8243;][vc_column_text css_animation=&#8220;appear&#8220;]\n<h3>Interne Kommunikation<\/h3>\n<p>Setzen Sie das Medium Video erfolgreich f\u00fcr die interne Kommunikation ein. Damit erzeugen Sie eine positive Haltung der Mitarbeiter zum Unternehmen\u00a0und\u00a0st\u00e4rken durch eine pers\u00f6nliche und emotionale Ansprache das Wir-Gef\u00fchl.[\/vc_column_text][\/vc_column][\/vc_row][vc_row full_width=&#8220;stretch_row&#8220; css=&#8220;.vc_custom_1457619318548{background-color: #f2f2f2 !important;}&#8220;][vc_column width=&#8220;1\/2&#8243;][vc_column_text css_animation=&#8220;appear&#8220;]\n<h3>Messepr\u00e4sentation<\/h3>\n<p>Messefilme m\u00fcssen sich in das Gesamtbild des Standes einpassen. Sie eignen sich hervorragend, um Ihre Produktinnovationen und -highlights verst\u00e4ndlich darzustellen. Wir produzieren visuell attraktive Videos mit den richtigen Botschaften, die auch im gesch\u00e4ftigen und oft hektischen Standbetrieb funktionieren.[\/vc_column_text][\/vc_column][vc_column width=&#8220;1\/2&#8243;][vc_single_image image=&#8220;522&#8243; img_size=&#8220;large&#8220; css=&#8220;.vc_custom_1460649715725{padding-top: 40px !important;}&#8220;][\/vc_column][\/vc_row][vc_row][vc_column width=&#8220;1\/2&#8243;][vc_single_image image=&#8220;472&#8243; img_size=&#8220;large&#8220; css=&#8220;.vc_custom_1460372405690{padding-top: 40px !important;}&#8220;][\/vc_column][vc_column width=&#8220;1\/2&#8243;][vc_column_text css_animation=&#8220;appear&#8220;]\n<h3>Employer Branding<\/h3>\n<p>Finden Sie genau die Mitarbeiter, die Sie brauchen? Mitarbeiter mit dem besten Know-how und einem Mindset, das zur Unternehmensphilosophie passt? Video ist ein hervorragendes Medium zur Unterst\u00fctzung des Recruitings. Wir entwickeln Formate, die Ihre \u201eArbeitgebermarke\u201c st\u00e4rken und auch in den Sozialen Netzwerken funktionieren.[\/vc_column_text][\/vc_column][\/vc_row][vc_row full_width=&#8220;stretch_row&#8220; css=&#8220;.vc_custom_1457619169394{background-color: #f2f2f2 !important;}&#8220;][vc_column width=&#8220;1\/2&#8243;][vc_column_text css_animation=&#8220;appear&#8220;]\n<h3>Erkl\u00e4rst\u00fcck<\/h3>\n<p>Sie bieten komplexe Produkte oder Dienstleistungen an? Wir erstellen Erkl\u00e4rvideos f\u00fcr Ihre Kunden und zur Schulung Ihrer Support- und Vertriebsmitarbeiter und sorgen f\u00fcr das richtige Verst\u00e4ndnis.[\/vc_column_text][\/vc_column][vc_column width=&#8220;1\/2&#8243;][vc_single_image image=&#8220;375&#8243; img_size=&#8220;large&#8220; alignment=&#8220;center&#8220; css=&#8220;.vc_custom_1459791198912{padding-top: 40px !important;}&#8220;][\/vc_column][\/vc_row][vc_row][vc_column width=&#8220;1\/2&#8243;][vc_single_image image=&#8220;547&#8243; img_size=&#8220;large&#8220; css=&#8220;.vc_custom_1587448217965{padding-top: 40px !important;}&#8220;][\/vc_column][vc_column width=&#8220;1\/2&#8243;][vc_column_text css_animation=&#8220;appear&#8220;]\n<h3>Moderation<\/h3>\n<p>Firmenevents, Pr\u00e4sentationen, Podiumsdiskussionen &#8211; alles was ihnen noch fehlt ist ein professioneller Moderator, der sicher, kompetent und mit Stil durchs Programm f\u00fchrt und ganz bestimmt den richtigen Ton trifft? Wir stellen ihnen den richtigen Mann, die richtige Frau zur Seite. Aus dem Bereich TV geh\u00f6rt z.B. Sascha Roos zu unserem Team. Als Stimme der Formel 1 bei Sky Deutschland ist er einem breiten Publikum bekannt.[\/vc_column_text][\/vc_column][\/vc_row]\n<\/div>","protected":false},"excerpt":{"rendered":"<p>[vc_row full_width=&#8220;stretch_row_content&#8220; remove_bottom_col_margin=&#8220;true&#8220;][vc_column][vc_single_image image=&#8220;517&#8243; img_size=&#8220;1600&#215;600&#8243; alignment=&#8220;center&#8220;][\/vc_column][\/vc_row][vc_row full_width=&#8220;stretch_row&#8220; css=&#8220;.vc_custom_1524818431763{background-color: #f2f2f2 !important;}&#8220;][vc_column width=&#8220;1\/2&#8243;][vc_column_text] Regie Ideen sind immer nur so gut wie ihre Umsetzung. Keine gr\u00f6\u00dfere Produktion, egal ob Sportevent, TV-Show oder ihre Incentiv-Veranstaltung mit B\u00fchnenshow, kann auf einen kreativen Leiter verzichten. Unsere Arbeit beginnt nicht erst im \u00dc-Wagen, sie beginnt weit vorher. Als Bindeglied zwischen ihrer Redaktion&hellip;<\/p>\n","protected":false},"author":1,"featured_media":0,"parent":0,"menu_order":0,"comment_status":"closed","ping_status":"closed","template":"","meta":{"footnotes":""},"class_list":["post-16","page","type-page","status-publish","hentry","entry","no-media"],"_links":{"self":[{"href":"https:\/\/www.mcreation.media\/index.php?rest_route=\/wp\/v2\/pages\/16","targetHints":{"allow":["GET"]}}],"collection":[{"href":"https:\/\/www.mcreation.media\/index.php?rest_route=\/wp\/v2\/pages"}],"about":[{"href":"https:\/\/www.mcreation.media\/index.php?rest_route=\/wp\/v2\/types\/page"}],"author":[{"embeddable":true,"href":"https:\/\/www.mcreation.media\/index.php?rest_route=\/wp\/v2\/users\/1"}],"replies":[{"embeddable":true,"href":"https:\/\/www.mcreation.media\/index.php?rest_route=%2Fwp%2Fv2%2Fcomments&post=16"}],"version-history":[{"count":100,"href":"https:\/\/www.mcreation.media\/index.php?rest_route=\/wp\/v2\/pages\/16\/revisions"}],"predecessor-version":[{"id":1312,"href":"https:\/\/www.mcreation.media\/index.php?rest_route=\/wp\/v2\/pages\/16\/revisions\/1312"}],"wp:attachment":[{"href":"https:\/\/www.mcreation.media\/index.php?rest_route=%2Fwp%2Fv2%2Fmedia&parent=16"}],"curies":[{"name":"wp","href":"https:\/\/api.w.org\/{rel}","templated":true}]}}