{"id":34,"date":"2016-03-08T12:57:55","date_gmt":"2016-03-08T12:57:55","guid":{"rendered":"http:\/\/wp1034084.server-he.de\/?page_id=34"},"modified":"2019-11-16T08:22:07","modified_gmt":"2019-11-16T08:22:07","slug":"referenzen","status":"publish","type":"page","link":"https:\/\/www.mcreation.media\/?page_id=34","title":{"rendered":"Referenzen"},"content":{"rendered":"<div class=\"wpb-content-wrapper\">[vc_row full_width=&#8220;stretch_row&#8220; parallax=&#8220;content-moving&#8220; parallax_image=&#8220;124&#8243;][vc_column]<div class=\"vcex-spacing wpex-w-100 wpex-clear\"><\/div>[vc_column_text]\n<h1 style=\"text-align: center;\"><span style=\"color: #ffffff;\">Was Kunden \u00fcber m:creation sagen<\/span><\/h1>\n[\/vc_column_text]<div class=\"vcex-module vcex-testimonials-fullslider wpex-py-40 light-skin has-arrows has-controlnav  vc_custom_1491296848666\"><div class=\"wpex-slider slider-pro\" data-fade-arrows=\"false\" data-arrows=\"true\" data-buttons=\"true\" data-loop=\"true\" data-auto-play-delay=\"8000\" data-animation-speed=\"600\" data-height-animation-duration=\"400\" data-touch-swipe-desktop=\"false\"><div class=\"wpex-slider-slides sp-slides\"><div class=\"wpex-slider-slide sp-slide entry post-415 type-testimonials cat-3\"><div class=\"vcex-testimonials-fullslider-inner wpex-text-center\"><div class=\"vcex-testimonials-fullslider-avatar wpex-mb-20\"><img loading=\"lazy\" class=\"wpex-rounded-full wpex-align-bottom vcex-custom-dims\" decoding=\"async\" src=\"https:\/\/www.mcreation.media\/wp-content\/uploads\/2016\/04\/3022b60.jpg\" alt=\"\" srcset=\"https:\/\/www.mcreation.media\/wp-content\/uploads\/2016\/04\/3022b60.jpg 200w, https:\/\/www.mcreation.media\/wp-content\/uploads\/2016\/04\/3022b60-150x150.jpg 150w, https:\/\/www.mcreation.media\/wp-content\/uploads\/2016\/04\/3022b60-125x125.jpg 125w\" width=\"200\" height=\"200\"><\/div><div class=\"vcex-testimonials-fullslider-entry wpex-font-light wpex-text-2xl wpex-clr wpex-last-mb-0 entry\"><p>\u201eDie Zusammenarbeit mit m:creation funktioniert herrlich unkompliziert. Immer wieder gerne. Das sagt doch alles, oder?<\/p>\n<\/div><div class=\"vcex-testimonials-fullslider-author wpex-mt-20 wpex-mb-5 wpex-text-md\"><div class=\"vcex-testimonials-fullslider-author-name\">Ansgar Pohle<\/div><\/div><\/div><\/div><div class=\"wpex-slider-slide sp-slide entry post-186 type-testimonials cat-3\"><div class=\"vcex-testimonials-fullslider-inner wpex-text-center\"><div class=\"vcex-testimonials-fullslider-avatar wpex-mb-20\"><img loading=\"lazy\" class=\"wpex-rounded-full wpex-align-bottom vcex-custom-dims\" decoding=\"async\" src=\"https:\/\/www.mcreation.media\/wp-content\/uploads\/2016\/04\/DS_Passhoehe_01-350-263x300.jpg\" alt=\"\" srcset=\"https:\/\/www.mcreation.media\/wp-content\/uploads\/2016\/04\/DS_Passhoehe_01-350-263x300.jpg 263w, https:\/\/www.mcreation.media\/wp-content\/uploads\/2016\/04\/DS_Passhoehe_01-350.jpg 350w\" width=\"263\" height=\"300\"><\/div><div class=\"vcex-testimonials-fullslider-entry wpex-font-light wpex-text-2xl wpex-clr wpex-last-mb-0 entry\"><p>\u201eMir ist ein guter Draht zu meinen Kunden genauso wichtig, wie zu den Firmen, mit denen ich meine Produktionen zum Erfolg f\u00fchren m\u00f6chte. Die Arbeit mit m:creation ist von Anfang bis Ende genau so, wie ich es mir vorstelle. Beratend, direkt, zielorientiert. So macht Zusammenarbeit Spa\u00df.\u201c<\/p>\n<\/div><div class=\"vcex-testimonials-fullslider-author wpex-mt-20 wpex-mb-5 wpex-text-md\"><div class=\"vcex-testimonials-fullslider-author-name\">Didi Schneider<\/div><\/div><\/div><\/div><div class=\"wpex-slider-slide sp-slide entry post-31 type-testimonials cat-3\"><div class=\"vcex-testimonials-fullslider-inner wpex-text-center\"><div class=\"vcex-testimonials-fullslider-avatar wpex-mb-20\"><img loading=\"lazy\" class=\"wpex-rounded-full wpex-align-bottom vcex-custom-dims\" decoding=\"async\" src=\"https:\/\/www.mcreation.media\/wp-content\/uploads\/2016\/05\/Yvonne-350-bearb-300x300.jpeg\" alt=\"\" srcset=\"https:\/\/www.mcreation.media\/wp-content\/uploads\/2016\/05\/Yvonne-350-bearb-300x300.jpeg 300w, https:\/\/www.mcreation.media\/wp-content\/uploads\/2016\/05\/Yvonne-350-bearb-150x150.jpeg 150w, https:\/\/www.mcreation.media\/wp-content\/uploads\/2016\/05\/Yvonne-350-bearb-125x125.jpeg 125w, https:\/\/www.mcreation.media\/wp-content\/uploads\/2016\/05\/Yvonne-350-bearb.jpeg 350w\" width=\"300\" height=\"300\"><\/div><div class=\"vcex-testimonials-fullslider-entry wpex-font-light wpex-text-2xl wpex-clr wpex-last-mb-0 entry\"><p>\u201em:creation kann\u00a0sich schnell und sicher auf komplexe Abl\u00e4ufe und vielschichtige Strukturen einlassen, ohne die n\u00f6tige Kreativit\u00e4t aus den Augen zu verlieren. Ich sch\u00e4tze den gedanklichen und inhaltlichen Austausch mit m:creation sehr und bin von den gemeinsam erzielten Ergebnissen \u00fcberzeugt.\u201c<\/p>\n<\/div><div class=\"vcex-testimonials-fullslider-author wpex-mt-20 wpex-mb-5 wpex-text-md\"><div class=\"vcex-testimonials-fullslider-author-name\">Yvonne Specht, Senior Communications Manager<\/div><\/div><\/div><\/div><\/div><\/div><\/div>[\/vc_column][\/vc_row][vc_row][vc_column]<div class=\"vcex-spacing wpex-w-100 wpex-clear\"><\/div>[vc_column_text]\n<h1 style=\"text-align: center;\"><span style=\"color: #000000;\">Kunden die auf m:creation vertrauen<\/span><\/h1>\n[\/vc_column_text][\/vc_column][\/vc_row][vc_row][vc_column]<div class=\"vcex-image-grid-wrap\"><div class=\"vcex-module vcex-image-grid grid-style-default wpex-row wpex-clr\"><div class=\"id-996 vcex-image-grid-entry vcex-grid-item wpex-text-center span_1_of_6 col col-1\"><figure class=\"vcex-image-grid-entry-figure wpex-last-mb-0 wpex-clr\"><div class=\"vcex-image-grid-entry-img entry-media wpex-relative wpex-mb-20\"><img width=\"2334\" height=\"1167\" src=\"https:\/\/www.mcreation.media\/wp-content\/uploads\/2018\/07\/Logo-CC-BASF.jpg\" class=\"wpex-align-middle\" alt=\"\" loading=\"lazy\" decoding=\"async\" srcset=\"https:\/\/www.mcreation.media\/wp-content\/uploads\/2018\/07\/Logo-CC-BASF.jpg 2334w, https:\/\/www.mcreation.media\/wp-content\/uploads\/2018\/07\/Logo-CC-BASF-300x150.jpg 300w, https:\/\/www.mcreation.media\/wp-content\/uploads\/2018\/07\/Logo-CC-BASF-768x384.jpg 768w, https:\/\/www.mcreation.media\/wp-content\/uploads\/2018\/07\/Logo-CC-BASF-1024x512.jpg 1024w\" sizes=\"auto, (max-width: 2334px) 100vw, 2334px\" \/><\/div><\/figure><\/div><div class=\"id-441 vcex-image-grid-entry vcex-grid-item wpex-text-center span_1_of_6 col col-2\"><figure class=\"vcex-image-grid-entry-figure wpex-last-mb-0 wpex-clr\"><div class=\"vcex-image-grid-entry-img entry-media wpex-relative wpex-mb-20\"><img width=\"500\" height=\"333\" src=\"https:\/\/www.mcreation.media\/wp-content\/uploads\/2016\/04\/Logo_Sky_Deutschland_2014.jpg\" class=\"wpex-align-middle\" alt=\"\" loading=\"lazy\" decoding=\"async\" srcset=\"https:\/\/www.mcreation.media\/wp-content\/uploads\/2016\/04\/Logo_Sky_Deutschland_2014.jpg 500w, https:\/\/www.mcreation.media\/wp-content\/uploads\/2016\/04\/Logo_Sky_Deutschland_2014-300x200.jpg 300w\" sizes=\"auto, (max-width: 500px) 100vw, 500px\" \/><\/div><\/figure><\/div><div class=\"id-432 vcex-image-grid-entry vcex-grid-item wpex-text-center span_1_of_6 col col-3\"><figure class=\"vcex-image-grid-entry-figure wpex-last-mb-0 wpex-clr\"><div class=\"vcex-image-grid-entry-img entry-media wpex-relative wpex-mb-20\"><img width=\"512\" height=\"288\" src=\"https:\/\/www.mcreation.media\/wp-content\/uploads\/2016\/04\/WDR-512.png\" class=\"wpex-align-middle\" alt=\"\" loading=\"lazy\" decoding=\"async\" srcset=\"https:\/\/www.mcreation.media\/wp-content\/uploads\/2016\/04\/WDR-512.png 512w, https:\/\/www.mcreation.media\/wp-content\/uploads\/2016\/04\/WDR-512-300x169.png 300w\" sizes=\"auto, (max-width: 512px) 100vw, 512px\" \/><\/div><\/figure><\/div><div class=\"id-1007 vcex-image-grid-entry vcex-grid-item wpex-text-center span_1_of_6 col col-4\"><figure class=\"vcex-image-grid-entry-figure wpex-last-mb-0 wpex-clr\"><div class=\"vcex-image-grid-entry-img entry-media wpex-relative wpex-mb-20\"><img width=\"300\" height=\"106\" src=\"https:\/\/www.mcreation.media\/wp-content\/uploads\/2018\/07\/DTM-logo-300x106.png\" class=\"wpex-align-middle\" alt=\"\" loading=\"lazy\" decoding=\"async\" \/><\/div><\/figure><\/div><div class=\"id-997 vcex-image-grid-entry vcex-grid-item wpex-text-center span_1_of_6 col col-5\"><figure class=\"vcex-image-grid-entry-figure wpex-last-mb-0 wpex-clr\"><div class=\"vcex-image-grid-entry-img entry-media wpex-relative wpex-mb-20\"><img width=\"304\" height=\"304\" src=\"https:\/\/www.mcreation.media\/wp-content\/uploads\/2018\/07\/OBS-Logo.jpg\" class=\"wpex-align-middle\" alt=\"\" loading=\"lazy\" decoding=\"async\" srcset=\"https:\/\/www.mcreation.media\/wp-content\/uploads\/2018\/07\/OBS-Logo.jpg 304w, https:\/\/www.mcreation.media\/wp-content\/uploads\/2018\/07\/OBS-Logo-150x150.jpg 150w, https:\/\/www.mcreation.media\/wp-content\/uploads\/2018\/07\/OBS-Logo-300x300.jpg 300w, https:\/\/www.mcreation.media\/wp-content\/uploads\/2018\/07\/OBS-Logo-80x80.jpg 80w\" sizes=\"auto, (max-width: 304px) 100vw, 304px\" \/><\/div><\/figure><\/div><div class=\"id-1091 vcex-image-grid-entry vcex-grid-item wpex-text-center span_1_of_6 col col-6\"><figure class=\"vcex-image-grid-entry-figure wpex-last-mb-0 wpex-clr\"><div class=\"vcex-image-grid-entry-img entry-media wpex-relative wpex-mb-20\"><img width=\"509\" height=\"382\" src=\"https:\/\/www.mcreation.media\/wp-content\/uploads\/2019\/11\/DSV-Logo.jpeg\" class=\"wpex-align-middle\" alt=\"\" loading=\"lazy\" decoding=\"async\" srcset=\"https:\/\/www.mcreation.media\/wp-content\/uploads\/2019\/11\/DSV-Logo.jpeg 509w, https:\/\/www.mcreation.media\/wp-content\/uploads\/2019\/11\/DSV-Logo-300x225.jpeg 300w\" sizes=\"auto, (max-width: 509px) 100vw, 509px\" \/><\/div><\/figure><\/div><div class=\"id-999 vcex-image-grid-entry vcex-grid-item wpex-text-center span_1_of_6 col col-1\"><figure class=\"vcex-image-grid-entry-figure wpex-last-mb-0 wpex-clr\"><div class=\"vcex-image-grid-entry-img entry-media wpex-relative wpex-mb-20\"><img width=\"373\" height=\"300\" src=\"https:\/\/www.mcreation.media\/wp-content\/uploads\/2018\/07\/SNB_GER_13_Logo_Emblem_4c.jpg\" class=\"wpex-align-middle\" alt=\"\" loading=\"lazy\" decoding=\"async\" srcset=\"https:\/\/www.mcreation.media\/wp-content\/uploads\/2018\/07\/SNB_GER_13_Logo_Emblem_4c.jpg 373w, https:\/\/www.mcreation.media\/wp-content\/uploads\/2018\/07\/SNB_GER_13_Logo_Emblem_4c-300x241.jpg 300w\" sizes=\"auto, (max-width: 373px) 100vw, 373px\" \/><\/div><\/figure><\/div><div class=\"id-440 vcex-image-grid-entry vcex-grid-item wpex-text-center span_1_of_6 col col-2\"><figure class=\"vcex-image-grid-entry-figure wpex-last-mb-0 wpex-clr\"><div class=\"vcex-image-grid-entry-img entry-media wpex-relative wpex-mb-20\"><img width=\"376\" height=\"376\" src=\"https:\/\/www.mcreation.media\/wp-content\/uploads\/2016\/04\/7T1Media.jpg\" class=\"wpex-align-middle\" alt=\"\" loading=\"lazy\" decoding=\"async\" srcset=\"https:\/\/www.mcreation.media\/wp-content\/uploads\/2016\/04\/7T1Media.jpg 376w, https:\/\/www.mcreation.media\/wp-content\/uploads\/2016\/04\/7T1Media-150x150.jpg 150w, https:\/\/www.mcreation.media\/wp-content\/uploads\/2016\/04\/7T1Media-300x300.jpg 300w, https:\/\/www.mcreation.media\/wp-content\/uploads\/2016\/04\/7T1Media-80x80.jpg 80w\" sizes=\"auto, (max-width: 376px) 100vw, 376px\" \/><\/div><\/figure><\/div><div class=\"id-1093 vcex-image-grid-entry vcex-grid-item wpex-text-center span_1_of_6 col col-3\"><figure class=\"vcex-image-grid-entry-figure wpex-last-mb-0 wpex-clr\"><div class=\"vcex-image-grid-entry-img entry-media wpex-relative wpex-mb-20\"><img width=\"524\" height=\"252\" src=\"https:\/\/www.mcreation.media\/wp-content\/uploads\/2019\/11\/fih-logo.png\" class=\"wpex-align-middle\" alt=\"\" loading=\"lazy\" decoding=\"async\" srcset=\"https:\/\/www.mcreation.media\/wp-content\/uploads\/2019\/11\/fih-logo.png 524w, https:\/\/www.mcreation.media\/wp-content\/uploads\/2019\/11\/fih-logo-300x144.png 300w\" sizes=\"auto, (max-width: 524px) 100vw, 524px\" \/><\/div><\/figure><\/div><div class=\"id-442 vcex-image-grid-entry vcex-grid-item wpex-text-center span_1_of_6 col col-4\"><figure class=\"vcex-image-grid-entry-figure wpex-last-mb-0 wpex-clr\"><div class=\"vcex-image-grid-entry-img entry-media wpex-relative wpex-mb-20\"><img width=\"600\" height=\"343\" src=\"https:\/\/www.mcreation.media\/wp-content\/uploads\/2016\/04\/sportcast-Logo-Kopie.jpg\" class=\"wpex-align-middle\" alt=\"\" loading=\"lazy\" decoding=\"async\" srcset=\"https:\/\/www.mcreation.media\/wp-content\/uploads\/2016\/04\/sportcast-Logo-Kopie.jpg 600w, https:\/\/www.mcreation.media\/wp-content\/uploads\/2016\/04\/sportcast-Logo-Kopie-300x172.jpg 300w\" sizes=\"auto, (max-width: 600px) 100vw, 600px\" \/><\/div><\/figure><\/div><div class=\"id-1006 vcex-image-grid-entry vcex-grid-item wpex-text-center span_1_of_6 col col-5\"><figure class=\"vcex-image-grid-entry-figure wpex-last-mb-0 wpex-clr\"><div class=\"vcex-image-grid-entry-img entry-media wpex-relative wpex-mb-20\"><img width=\"396\" height=\"148\" src=\"https:\/\/www.mcreation.media\/wp-content\/uploads\/2018\/07\/Skyline.png\" class=\"wpex-align-middle\" alt=\"\" loading=\"lazy\" decoding=\"async\" srcset=\"https:\/\/www.mcreation.media\/wp-content\/uploads\/2018\/07\/Skyline.png 396w, https:\/\/www.mcreation.media\/wp-content\/uploads\/2018\/07\/Skyline-300x112.png 300w\" sizes=\"auto, (max-width: 396px) 100vw, 396px\" \/><\/div><\/figure><\/div><div class=\"id-427 vcex-image-grid-entry vcex-grid-item wpex-text-center span_1_of_6 col col-6\"><figure class=\"vcex-image-grid-entry-figure wpex-last-mb-0 wpex-clr\"><div class=\"vcex-image-grid-entry-img entry-media wpex-relative wpex-mb-20\"><img width=\"600\" height=\"338\" src=\"https:\/\/www.mcreation.media\/wp-content\/uploads\/2016\/04\/ARD-LOGO-2003.jpg\" class=\"wpex-align-middle\" alt=\"\" loading=\"lazy\" decoding=\"async\" srcset=\"https:\/\/www.mcreation.media\/wp-content\/uploads\/2016\/04\/ARD-LOGO-2003.jpg 600w, https:\/\/www.mcreation.media\/wp-content\/uploads\/2016\/04\/ARD-LOGO-2003-300x169.jpg 300w\" sizes=\"auto, (max-width: 600px) 100vw, 600px\" \/><\/div><\/figure><\/div><div class=\"id-434 vcex-image-grid-entry vcex-grid-item wpex-text-center span_1_of_6 col col-1\"><figure class=\"vcex-image-grid-entry-figure wpex-last-mb-0 wpex-clr\"><div class=\"vcex-image-grid-entry-img entry-media wpex-relative wpex-mb-20\"><img width=\"600\" height=\"359\" src=\"https:\/\/www.mcreation.media\/wp-content\/uploads\/2016\/04\/ZDF.svg_.jpg\" class=\"wpex-align-middle\" alt=\"\" loading=\"lazy\" decoding=\"async\" srcset=\"https:\/\/www.mcreation.media\/wp-content\/uploads\/2016\/04\/ZDF.svg_.jpg 600w, https:\/\/www.mcreation.media\/wp-content\/uploads\/2016\/04\/ZDF.svg_-300x180.jpg 300w\" sizes=\"auto, (max-width: 600px) 100vw, 600px\" \/><\/div><\/figure><\/div><div class=\"id-1089 vcex-image-grid-entry vcex-grid-item wpex-text-center span_1_of_6 col col-2\"><figure class=\"vcex-image-grid-entry-figure wpex-last-mb-0 wpex-clr\"><div class=\"vcex-image-grid-entry-img entry-media wpex-relative wpex-mb-20\"><img width=\"592\" height=\"186\" src=\"https:\/\/www.mcreation.media\/wp-content\/uploads\/2019\/11\/Logo-Nobeo.png\" class=\"wpex-align-middle\" alt=\"\" loading=\"lazy\" decoding=\"async\" srcset=\"https:\/\/www.mcreation.media\/wp-content\/uploads\/2019\/11\/Logo-Nobeo.png 592w, https:\/\/www.mcreation.media\/wp-content\/uploads\/2019\/11\/Logo-Nobeo-300x94.png 300w\" sizes=\"auto, (max-width: 592px) 100vw, 592px\" \/><\/div><\/figure><\/div><div class=\"id-1000 vcex-image-grid-entry vcex-grid-item wpex-text-center span_1_of_6 col col-3\"><figure class=\"vcex-image-grid-entry-figure wpex-last-mb-0 wpex-clr\"><div class=\"vcex-image-grid-entry-img entry-media wpex-relative wpex-mb-20\"><img width=\"600\" height=\"300\" src=\"https:\/\/www.mcreation.media\/wp-content\/uploads\/2018\/07\/plazamedia.jpg\" class=\"wpex-align-middle\" alt=\"\" loading=\"lazy\" decoding=\"async\" srcset=\"https:\/\/www.mcreation.media\/wp-content\/uploads\/2018\/07\/plazamedia.jpg 600w, https:\/\/www.mcreation.media\/wp-content\/uploads\/2018\/07\/plazamedia-300x150.jpg 300w\" sizes=\"auto, (max-width: 600px) 100vw, 600px\" \/><\/div><\/figure><\/div><div class=\"id-430 vcex-image-grid-entry vcex-grid-item wpex-text-center span_1_of_6 col col-4\"><figure class=\"vcex-image-grid-entry-figure wpex-last-mb-0 wpex-clr\"><div class=\"vcex-image-grid-entry-img entry-media wpex-relative wpex-mb-20\"><img width=\"600\" height=\"257\" src=\"https:\/\/www.mcreation.media\/wp-content\/uploads\/2016\/04\/ORF_logo.svg_.jpg\" class=\"wpex-align-middle\" alt=\"\" loading=\"lazy\" decoding=\"async\" srcset=\"https:\/\/www.mcreation.media\/wp-content\/uploads\/2016\/04\/ORF_logo.svg_.jpg 600w, https:\/\/www.mcreation.media\/wp-content\/uploads\/2016\/04\/ORF_logo.svg_-300x129.jpg 300w\" sizes=\"auto, (max-width: 600px) 100vw, 600px\" \/><\/div><\/figure><\/div><div class=\"id-471 vcex-image-grid-entry vcex-grid-item wpex-text-center span_1_of_6 col col-5\"><figure class=\"vcex-image-grid-entry-figure wpex-last-mb-0 wpex-clr\"><div class=\"vcex-image-grid-entry-img entry-media wpex-relative wpex-mb-20\"><img width=\"1645\" height=\"466\" src=\"https:\/\/www.mcreation.media\/wp-content\/uploads\/2016\/04\/viscompark_logo_2015.png\" class=\"wpex-align-middle\" alt=\"\" loading=\"lazy\" decoding=\"async\" srcset=\"https:\/\/www.mcreation.media\/wp-content\/uploads\/2016\/04\/viscompark_logo_2015.png 1645w, https:\/\/www.mcreation.media\/wp-content\/uploads\/2016\/04\/viscompark_logo_2015-300x85.png 300w, https:\/\/www.mcreation.media\/wp-content\/uploads\/2016\/04\/viscompark_logo_2015-768x218.png 768w, https:\/\/www.mcreation.media\/wp-content\/uploads\/2016\/04\/viscompark_logo_2015-1024x290.png 1024w\" sizes=\"auto, (max-width: 1645px) 100vw, 1645px\" \/><\/div><\/figure><\/div><div class=\"id-408 vcex-image-grid-entry vcex-grid-item wpex-text-center span_1_of_6 col col-6\"><figure class=\"vcex-image-grid-entry-figure wpex-last-mb-0 wpex-clr\"><div class=\"vcex-image-grid-entry-img entry-media wpex-relative wpex-mb-20\"><img width=\"630\" height=\"376\" src=\"https:\/\/www.mcreation.media\/wp-content\/uploads\/2016\/04\/footer-magis.png\" class=\"wpex-align-middle\" alt=\"\" loading=\"lazy\" decoding=\"async\" srcset=\"https:\/\/www.mcreation.media\/wp-content\/uploads\/2016\/04\/footer-magis.png 630w, https:\/\/www.mcreation.media\/wp-content\/uploads\/2016\/04\/footer-magis-300x179.png 300w\" sizes=\"auto, (max-width: 630px) 100vw, 630px\" \/><\/div><\/figure><\/div><div class=\"id-998 vcex-image-grid-entry vcex-grid-item wpex-text-center span_1_of_6 col col-1\"><figure class=\"vcex-image-grid-entry-figure wpex-last-mb-0 wpex-clr\"><div class=\"vcex-image-grid-entry-img entry-media wpex-relative wpex-mb-20\"><img width=\"300\" height=\"148\" src=\"https:\/\/www.mcreation.media\/wp-content\/uploads\/2018\/07\/Skihalle-Neuss.jpg\" class=\"wpex-align-middle\" alt=\"\" loading=\"lazy\" decoding=\"async\" \/><\/div><\/figure><\/div><div class=\"id-994 vcex-image-grid-entry vcex-grid-item wpex-text-center span_1_of_6 col col-2\"><figure class=\"vcex-image-grid-entry-figure wpex-last-mb-0 wpex-clr\"><div class=\"vcex-image-grid-entry-img entry-media wpex-relative wpex-mb-20\"><img width=\"522\" height=\"600\" src=\"https:\/\/www.mcreation.media\/wp-content\/uploads\/2018\/07\/2017_BigAirLogo_rgb_by-allrounder_schwarz.jpg\" class=\"wpex-align-middle\" alt=\"\" loading=\"lazy\" decoding=\"async\" srcset=\"https:\/\/www.mcreation.media\/wp-content\/uploads\/2018\/07\/2017_BigAirLogo_rgb_by-allrounder_schwarz.jpg 522w, https:\/\/www.mcreation.media\/wp-content\/uploads\/2018\/07\/2017_BigAirLogo_rgb_by-allrounder_schwarz-261x300.jpg 261w\" sizes=\"auto, (max-width: 522px) 100vw, 522px\" \/><\/div><\/figure><\/div><div class=\"id-995 vcex-image-grid-entry vcex-grid-item wpex-text-center span_1_of_6 col col-3\"><figure class=\"vcex-image-grid-entry-figure wpex-last-mb-0 wpex-clr\"><div class=\"vcex-image-grid-entry-img entry-media wpex-relative wpex-mb-20\"><img width=\"300\" height=\"119\" src=\"https:\/\/www.mcreation.media\/wp-content\/uploads\/2018\/07\/Filmpool.jpg\" class=\"wpex-align-middle\" alt=\"\" loading=\"lazy\" decoding=\"async\" \/><\/div><\/figure><\/div><div class=\"id-503 vcex-image-grid-entry vcex-grid-item wpex-text-center span_1_of_6 col col-4\"><figure class=\"vcex-image-grid-entry-figure wpex-last-mb-0 wpex-clr\"><div class=\"vcex-image-grid-entry-img entry-media wpex-relative wpex-mb-20\"><img width=\"400\" height=\"77\" src=\"https:\/\/www.mcreation.media\/wp-content\/uploads\/2016\/04\/Logo_Passhoehe_RGB.jpg\" class=\"wpex-align-middle\" alt=\"\" loading=\"lazy\" decoding=\"async\" srcset=\"https:\/\/www.mcreation.media\/wp-content\/uploads\/2016\/04\/Logo_Passhoehe_RGB.jpg 400w, https:\/\/www.mcreation.media\/wp-content\/uploads\/2016\/04\/Logo_Passhoehe_RGB-300x58.jpg 300w\" sizes=\"auto, (max-width: 400px) 100vw, 400px\" \/><\/div><\/figure><\/div><div class=\"id-443 vcex-image-grid-entry vcex-grid-item wpex-text-center span_1_of_6 col col-5\"><figure class=\"vcex-image-grid-entry-figure wpex-last-mb-0 wpex-clr\"><div class=\"vcex-image-grid-entry-img entry-media wpex-relative wpex-mb-20\"><img width=\"600\" height=\"255\" src=\"https:\/\/www.mcreation.media\/wp-content\/uploads\/2016\/04\/wige_logo.jpg\" class=\"wpex-align-middle\" alt=\"\" loading=\"lazy\" decoding=\"async\" srcset=\"https:\/\/www.mcreation.media\/wp-content\/uploads\/2016\/04\/wige_logo.jpg 600w, https:\/\/www.mcreation.media\/wp-content\/uploads\/2016\/04\/wige_logo-300x128.jpg 300w\" sizes=\"auto, (max-width: 600px) 100vw, 600px\" \/><\/div><\/figure><\/div><\/div><\/div>[\/vc_column][\/vc_row]\n<\/div>","protected":false},"excerpt":{"rendered":"<p>[vc_row full_width=&#8220;stretch_row&#8220; parallax=&#8220;content-moving&#8220; parallax_image=&#8220;124&#8243;][vc_column][vc_column_text] Was Kunden \u00fcber m:creation sagen [\/vc_column_text][\/vc_column][\/vc_row][vc_row][vc_column][vc_column_text] Kunden die auf m:creation vertrauen [\/vc_column_text][\/vc_column][\/vc_row][vc_row][vc_column][\/vc_column][\/vc_row]<\/p>\n","protected":false},"author":1,"featured_media":0,"parent":0,"menu_order":0,"comment_status":"closed","ping_status":"closed","template":"","meta":{"footnotes":""},"class_list":["post-34","page","type-page","status-publish","hentry","entry","no-media"],"_links":{"self":[{"href":"https:\/\/www.mcreation.media\/index.php?rest_route=\/wp\/v2\/pages\/34","targetHints":{"allow":["GET"]}}],"collection":[{"href":"https:\/\/www.mcreation.media\/index.php?rest_route=\/wp\/v2\/pages"}],"about":[{"href":"https:\/\/www.mcreation.media\/index.php?rest_route=\/wp\/v2\/types\/page"}],"author":[{"embeddable":true,"href":"https:\/\/www.mcreation.media\/index.php?rest_route=\/wp\/v2\/users\/1"}],"replies":[{"embeddable":true,"href":"https:\/\/www.mcreation.media\/index.php?rest_route=%2Fwp%2Fv2%2Fcomments&post=34"}],"version-history":[{"count":48,"href":"https:\/\/www.mcreation.media\/index.php?rest_route=\/wp\/v2\/pages\/34\/revisions"}],"predecessor-version":[{"id":1094,"href":"https:\/\/www.mcreation.media\/index.php?rest_route=\/wp\/v2\/pages\/34\/revisions\/1094"}],"wp:attachment":[{"href":"https:\/\/www.mcreation.media\/index.php?rest_route=%2Fwp%2Fv2%2Fmedia&parent=34"}],"curies":[{"name":"wp","href":"https:\/\/api.w.org\/{rel}","templated":true}]}}